{"id":1782,"date":"2022-02-16T20:18:28","date_gmt":"2022-02-16T19:18:28","guid":{"rendered":"http:\/\/jetbild.de\/bft\/?page_id=1782"},"modified":"2022-06-21T10:53:19","modified_gmt":"2022-06-21T08:53:19","slug":"ueber-uns","status":"publish","type":"page","link":"http:\/\/jetbild.de\/bft\/ueber-uns\/","title":{"rendered":"\u00dcber uns"},"content":{"rendered":"<p>[et_pb_section fb_built=&#8220;1&#8243; custom_padding_last_edited=&#8220;on|phone&#8220; admin_label=&#8220;Header&#8220; _builder_version=&#8220;4.16&#8243; use_background_color_gradient=&#8220;on&#8220; background_color_gradient_stops=&#8220;#344d6c 0%|rgba(0,0,0,0.5) 100%&#8220; background_color_gradient_overlays_image=&#8220;on&#8220; background_color_gradient_start=&#8220;#344d6c&#8220; background_color_gradient_end=&#8220;rgba(0,0,0,0.5)&#8220; background_image=&#8220;http:\/\/jetbild.de\/bft\/wp-content\/uploads\/2021\/07\/renovation-57.jpg&#8220; custom_padding=&#8220;||220px||false|false&#8220; custom_padding_tablet=&#8220;||220px||false|false&#8220; custom_padding_phone=&#8220;||200px||false|false&#8220; global_colors_info=&#8220;{}&#8220;][et_pb_row _builder_version=&#8220;4.16&#8243; global_colors_info=&#8220;{}&#8220;][et_pb_column type=&#8220;4_4&#8243; _builder_version=&#8220;4.16&#8243; global_colors_info=&#8220;{}&#8220;][et_pb_text _builder_version=&#8220;4.16&#8243; header_font=&#8220;Kanit|500|||||||&#8220; header_font_size=&#8220;4vw&#8220; header_line_height=&#8220;1.1em&#8220; text_orientation=&#8220;center&#8220; background_layout=&#8220;dark&#8220; max_width=&#8220;795px&#8220; module_alignment=&#8220;center&#8220; header_font_size_tablet=&#8220;42px&#8220; header_font_size_phone=&#8220;36px&#8220; header_font_size_last_edited=&#8220;on|desktop&#8220; global_colors_info=&#8220;{}&#8220;]<\/p>\n<h1>\u00dcber unseren Verein<\/h1>\n<p>[\/et_pb_text][\/et_pb_column][\/et_pb_row][\/et_pb_section][et_pb_section fb_built=&#8220;1&#8243; admin_label=&#8220;About&#8220; _builder_version=&#8220;4.16&#8243; custom_padding=&#8220;||||false|false&#8220; global_colors_info=&#8220;{}&#8220;][et_pb_row custom_padding_last_edited=&#8220;on|phone&#8220; _builder_version=&#8220;4.16&#8243; background_color=&#8220;#ffffff&#8220; max_width=&#8220;860px&#8220; custom_margin=&#8220;-220px||||false|false&#8220; custom_padding=&#8220;40px|40px|40px|40px|true|true&#8220; custom_padding_tablet=&#8220;30px|30px|30px|30px|true|true&#8220; custom_padding_phone=&#8220;20px|20px|20px|20px|true|true&#8220; global_colors_info=&#8220;{}&#8220;][et_pb_column type=&#8220;4_4&#8243; _builder_version=&#8220;4.16&#8243; global_colors_info=&#8220;{}&#8220;][et_pb_text _builder_version=&#8220;4.17.4&#8243; text_line_height=&#8220;1.8em&#8220; header_2_text_color=&#8220;#000000&#8243; header_2_font_size=&#8220;48px&#8220; header_2_line_height=&#8220;1.1em&#8220; hover_enabled=&#8220;0&#8243; text_font_size_last_edited=&#8220;off|tablet&#8220; header_2_font_size_tablet=&#8220;32px&#8220; header_2_font_size_phone=&#8220;22px&#8220; header_2_font_size_last_edited=&#8220;on|phone&#8220; global_colors_info=&#8220;{}&#8220; sticky_enabled=&#8220;0&#8243;]<\/p>\n<p>Unser Verein besteht seit 1999. Er wurde gegr\u00fcndet, um technisch interessierten B\u00fcrgern eine Plattform f\u00fcr den Austausch zu geben und die aus unser Sicht immer unzureichender werdende Bildung in den Mit-F\u00e4chern aktiv zu f\u00f6rdern. Wir engagieren uns also insbesondere in den Themen Bildung, Naturwissenschaften, Technik und Energie, aber auch dar\u00fcber hinaus. Mit neuen, j\u00fcngeren Mitgliedern haben wir uns seit 2019 mit Expertise im IT-Bereich erg\u00e4nzt.<\/p>\n<p>Dabei stehen wir, wie naturwissenschaftliche Gesetzm\u00e4\u00dfigkeiten und gesellschaftliches Miteinander (mit Normen und roten Linien), die langfristig best\u00e4ndig sind, f\u00fcr Kontinuit\u00e4t nicht f\u00fcr kurzfristige Hypes.<\/p>\n<p>Wir sind sachlich und politisch unabh\u00e4ngig, haben gemeinsame Interessen, die uns zusammengef\u00fchrt haben (s. Themen) sind aber kein Lobbyistenverein, vertreten unsere Meinungen \/ \u00dcberzeugungen basierend auf Fakten, nicht bezahlterma\u00dfen wie heutzutage weit verbreitet &#8211; angeblich unabh\u00e4ngig mit Millionenzusch\u00fcssen &#8211; wir sind ehrlich frei.<\/p>\n<p>Bei uns gibt es ein vielf\u00e4ltiges Meinungsspektrum und wir ver\u00f6ffentlichten auch Artikel bei denen sich die Ansichten der Verfasser nicht mit denen der Mehrheit der BfT-Mitglieder oder des BfT-Vorstandes deckt. Das hei\u00dft f\u00fcr uns Toleranz, Demokratie und Diskussionskultur. Abweichende Meinungen sind bei uns nicht nur erlaubt, sondern erw\u00fcnscht. Sie sollten aber sachlich und inhaltlich fundiert sein.<\/p>\n<p>Wir stehen ein f\u00fcr Bildung, Energie, Freiheit, Gesellschaft, (Natur-)Wissenschaften, Technik, Umwelt, Wahrheit &#8211; f\u00fcr Fakten (und Humor) statt Ideologien, Angst und Panikmache.<\/p>\n<p>Astrid G.: &#8222;Wir sind erstmal B\u00fcrger und dann f\u00fcr Technik.&#8220;<span style=\"font-size: 14px;\"><\/span><\/p>\n<p><b>Zu unserem Team geh\u00f6ren: <\/b><br \/><span>Angestellte (Staat, Wirtschaft)<br \/>Chemiker<\/span><span><br \/>Eltern<br \/>Freiberufler<br \/>Gro\u00dfeltern <br \/>Informatiker<br \/>Ingenieure<br \/><\/span><span>Lehrer<br \/>Mathematiker<br \/>Mediziner<br \/>Pension\u00e4re<br \/>Physiker<br \/><\/span>Polizisten<br \/><span>Rentner<br \/>Selbstst\u00e4ndige<\/span><br \/>Techniker<br \/><span>Wissenschaftler\u00a0<\/span>etc. <br \/>und viele weitere engagierte B\u00fcrger<\/p>\n<p>[\/et_pb_text][et_pb_button button_url=&#8220;@ET-DC@eyJkeW5hbWljIjp0cnVlLCJjb250ZW50IjoicG9zdF9saW5rX3VybF9wYWdlIiwic2V0dGluZ3MiOnsicG9zdF9pZCI6IjE4NyJ9fQ==@&#8220; button_text=&#8220;Mehr \u00fcber uns\u2026&#8220; _builder_version=&#8220;4.16&#8243; _dynamic_attributes=&#8220;button_url&#8220; _module_preset=&#8220;default&#8220; global_colors_info=&#8220;{}&#8220;][\/et_pb_button][\/et_pb_column][\/et_pb_row][et_pb_row column_structure=&#8220;2_3,1_3&#8243; custom_padding_last_edited=&#8220;on|phone&#8220; _builder_version=&#8220;4.16&#8243; background_color=&#8220;#ffffff&#8220; max_width=&#8220;860px&#8220; custom_margin=&#8220;12px|auto||auto|false|false&#8220; custom_padding=&#8220;40px|40px|40px|40px|true|true&#8220; custom_padding_tablet=&#8220;30px|30px|30px|30px|true|true&#8220; custom_padding_phone=&#8220;20px|20px|20px|20px|true|true&#8220; global_colors_info=&#8220;{}&#8220;][et_pb_column type=&#8220;2_3&#8243; _builder_version=&#8220;4.16&#8243; global_colors_info=&#8220;{}&#8220;][et_pb_text _builder_version=&#8220;4.16&#8243; text_line_height=&#8220;1.8em&#8220; header_2_text_color=&#8220;#000000&#8243; header_2_font_size=&#8220;48px&#8220; header_2_line_height=&#8220;1.1em&#8220; custom_padding=&#8220;|1px|0px|||&#8220; text_font_size_last_edited=&#8220;off|tablet&#8220; header_2_font_size_tablet=&#8220;32px&#8220; header_2_font_size_phone=&#8220;22px&#8220; header_2_font_size_last_edited=&#8220;on|phone&#8220; global_colors_info=&#8220;{}&#8220;]<\/p>\n<p><span> <\/span><a href=\"mailto: martin.lindner@buerger-fuer-technik.de\"><\/a><br \/><span><strong>Dr. Martin Lindner<\/strong>,<br \/>Dipl. Chemiker, Vorsitzender des Vereins<\/span><\/p>\n<p><a href=\"mailto: martin.lindner@buerger-fuer-technik.de\">martin.lindner@buerger-fuer-technik.de<\/a><\/p>\n<p>[\/et_pb_text][\/et_pb_column][et_pb_column type=&#8220;1_3&#8243; _builder_version=&#8220;4.16&#8243; global_colors_info=&#8220;{}&#8220;][et_pb_image src=&#8220;http:\/\/jetbild.de\/bft\/wp-content\/uploads\/2021\/12\/martin-1.jpg&#8220; title_text=&#8220;martin&#8220; _builder_version=&#8220;4.16&#8243; _module_preset=&#8220;default&#8220; width=&#8220;97%&#8220; min_height=&#8220;260px&#8220; custom_margin=&#8220;||-11px|||&#8220; custom_padding=&#8220;|||0px||&#8220; global_colors_info=&#8220;{}&#8220;][\/et_pb_image][\/et_pb_column][\/et_pb_row][et_pb_row column_structure=&#8220;2_3,1_3&#8243; custom_padding_last_edited=&#8220;on|phone&#8220; _builder_version=&#8220;4.16&#8243; background_color=&#8220;#ffffff&#8220; max_width=&#8220;860px&#8220; custom_margin=&#8220;12px|auto||auto|false|false&#8220; custom_padding=&#8220;40px|40px|40px|40px|true|true&#8220; custom_padding_tablet=&#8220;30px|30px|30px|30px|true|true&#8220; custom_padding_phone=&#8220;20px|20px|20px|20px|true|true&#8220; global_colors_info=&#8220;{}&#8220;][et_pb_column type=&#8220;2_3&#8243; _builder_version=&#8220;4.16&#8243; global_colors_info=&#8220;{}&#8220;][et_pb_text _builder_version=&#8220;4.16&#8243; text_line_height=&#8220;1.8em&#8220; header_2_text_color=&#8220;#000000&#8243; header_2_font_size=&#8220;48px&#8220; header_2_line_height=&#8220;1.1em&#8220; custom_padding=&#8220;|1px|0px|||&#8220; text_font_size_last_edited=&#8220;off|tablet&#8220; header_2_font_size_tablet=&#8220;32px&#8220; header_2_font_size_phone=&#8220;22px&#8220; header_2_font_size_last_edited=&#8220;on|phone&#8220; global_colors_info=&#8220;{}&#8220;]<\/p>\n<p><span> <\/span><a href=\"mailto: martin.lindner@buerger-fuer-technik.de\"><\/a><br \/><span><b>Eckehard G\u00f6ring<\/b><br \/>Ingenieur, Schriftf\u00fchrer des Vereins.<br \/>Zusammen mit seiner Frau Astrid organisiert er die Jahrestagung der B\u00fcrger f\u00fcr Technik. Er engagiert sich zudem in der Umweltgruppe &#8222;die neuen 68er&#8220;.<br \/><\/span><\/p>\n<p><a href=\"mailto:eckehard.goering@buerger-fuer-technik.de\">eckehard.goering@buerger-fuer-technik.de<\/a><\/p>\n<p>[\/et_pb_text][\/et_pb_column][et_pb_column type=&#8220;1_3&#8243; _builder_version=&#8220;4.16&#8243; global_colors_info=&#8220;{}&#8220;][et_pb_image src=&#8220;http:\/\/jetbild.de\/bft\/wp-content\/uploads\/2022\/02\/eckehard-1-1.jpg&#8220; title_text=&#8220;eckehard-1&#8243; _builder_version=&#8220;4.16&#8243; _module_preset=&#8220;default&#8220; width=&#8220;97%&#8220; min_height=&#8220;260px&#8220; custom_margin=&#8220;||-11px|||&#8220; custom_padding=&#8220;|||0px||&#8220; global_colors_info=&#8220;{}&#8220;][\/et_pb_image][\/et_pb_column][\/et_pb_row][\/et_pb_section]<\/p>\n","protected":false},"excerpt":{"rendered":"<p>\u00dcber unseren VereinUnser Verein besteht seit 1999. Er wurde gegr\u00fcndet, um technisch interessierten B\u00fcrgern eine Plattform f\u00fcr den Austausch zu geben und die aus unser Sicht immer unzureichender werdende Bildung in den Mit-F\u00e4chern aktiv zu f\u00f6rdern. Wir engagieren uns also insbesondere in den Themen Bildung, Naturwissenschaften, Technik und Energie, aber auch dar\u00fcber hinaus. Mit neuen, [&hellip;]<\/p>\n","protected":false},"author":1,"featured_media":0,"parent":0,"menu_order":0,"comment_status":"closed","ping_status":"closed","template":"","meta":{"_et_pb_use_builder":"on","_et_pb_old_content":"","_et_gb_content_width":""},"_links":{"self":[{"href":"http:\/\/jetbild.de\/bft\/wp-json\/wp\/v2\/pages\/1782"}],"collection":[{"href":"http:\/\/jetbild.de\/bft\/wp-json\/wp\/v2\/pages"}],"about":[{"href":"http:\/\/jetbild.de\/bft\/wp-json\/wp\/v2\/types\/page"}],"author":[{"embeddable":true,"href":"http:\/\/jetbild.de\/bft\/wp-json\/wp\/v2\/users\/1"}],"replies":[{"embeddable":true,"href":"http:\/\/jetbild.de\/bft\/wp-json\/wp\/v2\/comments?post=1782"}],"version-history":[{"count":13,"href":"http:\/\/jetbild.de\/bft\/wp-json\/wp\/v2\/pages\/1782\/revisions"}],"predecessor-version":[{"id":3020,"href":"http:\/\/jetbild.de\/bft\/wp-json\/wp\/v2\/pages\/1782\/revisions\/3020"}],"wp:attachment":[{"href":"http:\/\/jetbild.de\/bft\/wp-json\/wp\/v2\/media?parent=1782"}],"curies":[{"name":"wp","href":"https:\/\/api.w.org\/{rel}","templated":true}]}}