{"id":187,"date":"2021-07-21T11:01:54","date_gmt":"2021-07-21T09:01:54","guid":{"rendered":"http:\/\/jetbild.de\/bft\/?page_id=187"},"modified":"2022-08-08T23:01:04","modified_gmt":"2022-08-08T21:01:04","slug":"mehr-ueber-uns","status":"publish","type":"page","link":"http:\/\/jetbild.de\/bft\/mehr-ueber-uns\/","title":{"rendered":"Mehr \u00fcber uns"},"content":{"rendered":"<p>[et_pb_section fb_built=&#8220;1&#8243; custom_padding_last_edited=&#8220;on|phone&#8220; admin_label=&#8220;Header&#8220; _builder_version=&#8220;4.16&#8243; use_background_color_gradient=&#8220;on&#8220; background_color_gradient_stops=&#8220;#344d6c 0%|rgba(0,0,0,0.5) 100%&#8220; background_color_gradient_overlays_image=&#8220;on&#8220; background_color_gradient_start=&#8220;#344d6c&#8220; background_color_gradient_end=&#8220;rgba(0,0,0,0.5)&#8220; background_image=&#8220;http:\/\/jetbild.de\/bft\/wp-content\/uploads\/2021\/07\/renovation-57.jpg&#8220; custom_padding=&#8220;||220px||false|false&#8220; custom_padding_tablet=&#8220;||220px||false|false&#8220; custom_padding_phone=&#8220;||200px||false|false&#8220; global_colors_info=&#8220;{}&#8220;][et_pb_row _builder_version=&#8220;4.16&#8243; global_colors_info=&#8220;{}&#8220;][et_pb_column type=&#8220;4_4&#8243; _builder_version=&#8220;4.16&#8243; global_colors_info=&#8220;{}&#8220;][et_pb_text _builder_version=&#8220;4.16&#8243; header_font=&#8220;Kanit|500|||||||&#8220; header_font_size=&#8220;4vw&#8220; header_line_height=&#8220;1.1em&#8220; text_orientation=&#8220;center&#8220; background_layout=&#8220;dark&#8220; max_width=&#8220;795px&#8220; module_alignment=&#8220;center&#8220; header_font_size_tablet=&#8220;42px&#8220; header_font_size_phone=&#8220;36px&#8220; header_font_size_last_edited=&#8220;on|desktop&#8220; global_colors_info=&#8220;{}&#8220;]<\/p>\n<h1>\u2026mehr \u00fcber uns<\/h1>\n<p>[\/et_pb_text][\/et_pb_column][\/et_pb_row][\/et_pb_section][et_pb_section fb_built=&#8220;1&#8243; admin_label=&#8220;About&#8220; _builder_version=&#8220;4.16&#8243; custom_padding=&#8220;||||false|false&#8220; global_colors_info=&#8220;{}&#8220;][et_pb_row custom_padding_last_edited=&#8220;on|phone&#8220; _builder_version=&#8220;4.16&#8243; background_color=&#8220;#ffffff&#8220; max_width=&#8220;860px&#8220; custom_margin=&#8220;-220px||||false|false&#8220; custom_padding=&#8220;40px|40px|40px|40px|true|true&#8220; custom_padding_tablet=&#8220;30px|30px|30px|30px|true|true&#8220; custom_padding_phone=&#8220;20px|20px|20px|20px|true|true&#8220; global_colors_info=&#8220;{}&#8220;][et_pb_column type=&#8220;4_4&#8243; _builder_version=&#8220;4.16&#8243; global_colors_info=&#8220;{}&#8220;][et_pb_text _builder_version=&#8220;4.16&#8243; text_line_height=&#8220;1.8em&#8220; header_2_text_color=&#8220;#000000&#8243; header_2_font_size=&#8220;48px&#8220; header_2_line_height=&#8220;1.1em&#8220; min_height=&#8220;765px&#8220; text_font_size_last_edited=&#8220;off|tablet&#8220; header_2_font_size_tablet=&#8220;32px&#8220; header_2_font_size_phone=&#8220;22px&#8220; header_2_font_size_last_edited=&#8220;on|phone&#8220; global_colors_info=&#8220;{}&#8220;]<\/p>\n<p>Seit April 2020 dominiert das Thema Covid-19 und die deswegen angeblich alternativlosen Zwangsma\u00dfnahmen, mit denen unsere B\u00fcrger-, Freiheits- und Grundrechte massiv eingeschr\u00e4nkt werden unser Land wie niemals zuvor. Demzufolge mussten und haben wir uns 2020 die Frage gestell, ob wir uns streng auf den Vereinsnamen ausrichten &#8211; also nur Naturwissenschaften und Technik mit dem Thema Energie als Schwerpunkt oder ob wir mehr sein wollen.<\/p>\n<p>Wir sind zu dem Ergebnis gekommen, dass wir nicht aus dem Elfenbeinturm zusehen wollen \/ werden, wie unser Land zugrunde gerichtet wird, wir weder Vogelstrau\u00df, noch einer der drei Affen, noch ein Kleinkind, das sich die Augen zuh\u00e4lt und meint, man findet es dann nicht, sein wollen.<\/p>\n<p><strong>Aber, ist\/sind das unsere Themen? <em>Ja, denn\u2026<\/em><\/strong><\/p>\n<p>&#8211; Bildung ist neben Energie eines unser Hauptthemen &#8211; auch gem\u00e4\u00df unser Satzung<\/p>\n<p>&#8211; Hauptleidtragende der Zwangsma\u00dfnahmen sind u.a. und insbesondere unsere Kinder, deren Psyche, Physis und Bildung niedergemacht wird, um angeblich andere zu sch\u00fctzen<span class=\"Apple-converted-space\">\u00a0<\/span><\/p>\n<p>&#8211; Die Ma\u00dfnahmen sind angeblich wissenschaftlich legitimiert, tats\u00e4chlich sind es aber politisch-ideologische Entscheidungen, die unser Land mit seinen B\u00fcrgern und (mittelst\u00e4ndische) Wirtschaft nachhaltig sch\u00e4digen &#8211; in unseren Augen rechtswidrig.<\/p>\n<p>&#8211; Medizin, IT und Datenauswertung sind auch Teil von Naturwissenschaften &amp; Technik<\/p>\n<p>&#8211; F\u00fcr das Pr\u00fcfen von Zahlen, Statistiken, Fakten etc. ben\u00f6tigt man naturwissenschaftlich- technischen Sachverstand, nicht gesellschaftspolitischen<\/p>\n<p>&#8211; Wenn wir nicht aufstehen f\u00fcr tats\u00e4chliche Fakten statt angeblich faktenbasierte, real ideologie-getriebene Entscheidungen in unserem Land, wer dann.<\/p>\n<p>und wie schrieben wir schon in unserem Statement 2020:<\/p>\n<p>(1) Wenn unser Land zerst\u00f6rt ist, brauchen wir auch keine tiefergehenden Diskussionen \u00fcber Technik mehr,<span class=\"Apple-converted-space\">\u00a0<\/span><\/p>\n<p>(2) unter unseren Altvorderen war es z.B. \u00fcblich, dass Physiker auch einen Doktor in Philosophie hatten, um nicht zu sehr in eingeschr\u00e4nkten Denkmustern undThemen gefangen zu sein<\/p>\n<p>(3) das hei\u00dft nicht, dass wir uns mit allem und jedem besch\u00e4ftigen wollen, sondern mit relevanten Themen aus Naturwissenschaften, Technik und dar\u00fcber hinaus.<\/p>\n<p>&nbsp;<\/p>\n<p>[\/et_pb_text][et_pb_button button_url=&#8220;www.buerger-fuer-technik.de\/wp-content\/uploads\/2022\/06\/015_Stellungnahme-des-BfT-Vorstandes.pdf&#8220; url_new_window=&#8220;on&#8220; button_text=&#8220;Stellungnahme-des-BfT-Vorstandes&#8220; _builder_version=&#8220;4.17.6&#8243; _module_preset=&#8220;default&#8220; hover_enabled=&#8220;0&#8243; global_colors_info=&#8220;{}&#8220; sticky_enabled=&#8220;0&#8243;][\/et_pb_button][\/et_pb_column][\/et_pb_row][\/et_pb_section]<\/p>\n","protected":false},"excerpt":{"rendered":"<p>\u2026mehr \u00fcber unsSeit April 2020 dominiert das Thema Covid-19 und die deswegen angeblich alternativlosen Zwangsma\u00dfnahmen, mit denen unsere B\u00fcrger-, Freiheits- und Grundrechte massiv eingeschr\u00e4nkt werden unser Land wie niemals zuvor. Demzufolge mussten und haben wir uns 2020 die Frage gestell, ob wir uns streng auf den Vereinsnamen ausrichten &#8211; also nur Naturwissenschaften und Technik mit [&hellip;]<\/p>\n","protected":false},"author":1,"featured_media":0,"parent":0,"menu_order":0,"comment_status":"closed","ping_status":"closed","template":"","meta":{"_et_pb_use_builder":"on","_et_pb_old_content":"","_et_gb_content_width":""},"_links":{"self":[{"href":"http:\/\/jetbild.de\/bft\/wp-json\/wp\/v2\/pages\/187"}],"collection":[{"href":"http:\/\/jetbild.de\/bft\/wp-json\/wp\/v2\/pages"}],"about":[{"href":"http:\/\/jetbild.de\/bft\/wp-json\/wp\/v2\/types\/page"}],"author":[{"embeddable":true,"href":"http:\/\/jetbild.de\/bft\/wp-json\/wp\/v2\/users\/1"}],"replies":[{"embeddable":true,"href":"http:\/\/jetbild.de\/bft\/wp-json\/wp\/v2\/comments?post=187"}],"version-history":[{"count":32,"href":"http:\/\/jetbild.de\/bft\/wp-json\/wp\/v2\/pages\/187\/revisions"}],"predecessor-version":[{"id":3733,"href":"http:\/\/jetbild.de\/bft\/wp-json\/wp\/v2\/pages\/187\/revisions\/3733"}],"wp:attachment":[{"href":"http:\/\/jetbild.de\/bft\/wp-json\/wp\/v2\/media?parent=187"}],"curies":[{"name":"wp","href":"https:\/\/api.w.org\/{rel}","templated":true}]}}