{"id":214,"date":"2021-07-21T12:31:54","date_gmt":"2021-07-21T10:31:54","guid":{"rendered":"http:\/\/jetbild.de\/bft\/?page_id=214"},"modified":"2022-08-06T19:29:53","modified_gmt":"2022-08-06T17:29:53","slug":"aktuelles","status":"publish","type":"page","link":"http:\/\/jetbild.de\/bft\/aktuelles\/","title":{"rendered":"Aktuelles"},"content":{"rendered":"<p>[et_pb_section fb_built=&#8220;1&#8243; custom_padding_last_edited=&#8220;on|phone&#8220; admin_label=&#8220;Header&#8220; _builder_version=&#8220;4.16&#8243; use_background_color_gradient=&#8220;on&#8220; background_color_gradient_stops=&#8220;#344d6c 0%|rgba(0,0,0,0.5) 100%&#8220; background_color_gradient_overlays_image=&#8220;on&#8220; background_color_gradient_start=&#8220;#344d6c&#8220; background_color_gradient_end=&#8220;rgba(0,0,0,0.5)&#8220; background_image=&#8220;http:\/\/jetbild.de\/bft\/wp-content\/uploads\/2021\/07\/renovation-62.jpg&#8220; custom_padding=&#8220;||220px||false|false&#8220; custom_padding_tablet=&#8220;||220px||false|false&#8220; custom_padding_phone=&#8220;||200px||false|false&#8220; locked=&#8220;off&#8220; global_colors_info=&#8220;{}&#8220;][et_pb_row _builder_version=&#8220;4.16&#8243; global_colors_info=&#8220;{}&#8220;][et_pb_column type=&#8220;4_4&#8243; _builder_version=&#8220;4.16&#8243; global_colors_info=&#8220;{}&#8220;][et_pb_text _builder_version=&#8220;4.16&#8243; header_font=&#8220;Kanit|500|||||||&#8220; header_font_size=&#8220;4vw&#8220; header_line_height=&#8220;1.1em&#8220; text_orientation=&#8220;center&#8220; background_layout=&#8220;dark&#8220; max_width=&#8220;795px&#8220; module_alignment=&#8220;center&#8220; header_font_size_tablet=&#8220;42px&#8220; header_font_size_phone=&#8220;36px&#8220; header_font_size_last_edited=&#8220;on|desktop&#8220; global_colors_info=&#8220;{}&#8220;]<\/p>\n<h1>Aktuelles &amp; Organisatorisches<\/h1>\n<p>[\/et_pb_text][\/et_pb_column][\/et_pb_row][\/et_pb_section][et_pb_section fb_built=&#8220;1&#8243; admin_label=&#8220;About&#8220; _builder_version=&#8220;4.16&#8243; min_height=&#8220;734.6px&#8220; custom_padding=&#8220;||0px|||&#8220; locked=&#8220;off&#8220; global_colors_info=&#8220;{}&#8220;][et_pb_row column_structure=&#8220;1_2,1_2&#8243; custom_padding_last_edited=&#8220;on|phone&#8220; _builder_version=&#8220;4.16&#8243; background_color=&#8220;#ffffff&#8220; min_height=&#8220;333.6px&#8220; custom_margin=&#8220;-220px|auto|48px|auto|false|false&#8220; custom_padding=&#8220;60px|60px|91px|60px|false|true&#8220; custom_padding_tablet=&#8220;30px|30px|30px|30px|false|true&#8220; custom_padding_phone=&#8220;|20px||20px|true|true&#8220; box_shadow_style=&#8220;preset4&#8243; box_shadow_horizontal=&#8220;-30vw&#8220; box_shadow_vertical=&#8220;0px&#8220; box_shadow_color=&#8220;#ffffff&#8220; global_colors_info=&#8220;{}&#8220;][et_pb_column type=&#8220;1_2&#8243; _builder_version=&#8220;4.16&#8243; global_colors_info=&#8220;{}&#8220;][et_pb_text admin_label=&#8220;Text&#8220; _builder_version=&#8220;4.16&#8243; text_line_height=&#8220;1.8em&#8220; custom_padding=&#8220;|0px|4px|||&#8220; global_colors_info=&#8220;{}&#8220;]<\/p>\n<p><span style=\"font-size: normal;\">Hier findet man aktuelle \u00c4nderungen, Termine etc., den Verein betreffend, sowie weitere Events, Ank\u00fcndigungen etc., anderer,\u00a0die f\u00fcr uns, BfT-Mitglieder und Freunde, von Interesse sind <span>&#8211; sowie die neusten Beitr\u00e4ge und Newsletter<\/span>.<\/span><\/p>\n<p>[\/et_pb_text][\/et_pb_column][et_pb_column type=&#8220;1_2&#8243; _builder_version=&#8220;4.16&#8243; global_colors_info=&#8220;{}&#8220;][\/et_pb_column][\/et_pb_row][et_pb_row column_structure=&#8220;1_2,1_2&#8243; custom_padding_last_edited=&#8220;on|phone&#8220; _builder_version=&#8220;4.16&#8243; background_color=&#8220;#ffffff&#8220; min_height=&#8220;410.6px&#8220; custom_margin=&#8220;-220px|auto|21px|auto|false|false&#8220; custom_padding=&#8220;60px|60px|2px|60px|false|true&#8220; custom_padding_tablet=&#8220;30px|30px|30px|30px|false|true&#8220; custom_padding_phone=&#8220;|20px||20px|true|true&#8220; box_shadow_style=&#8220;preset4&#8243; box_shadow_horizontal=&#8220;-30vw&#8220; box_shadow_vertical=&#8220;0px&#8220; box_shadow_color=&#8220;#ffffff&#8220; global_colors_info=&#8220;{}&#8220;][et_pb_column type=&#8220;1_2&#8243; _builder_version=&#8220;4.16&#8243; global_colors_info=&#8220;{}&#8220;][et_pb_text admin_label=&#8220;Text&#8220; _builder_version=&#8220;4.17.6&#8243; text_line_height=&#8220;1.8em&#8220; custom_padding=&#8220;||10px|||&#8220; global_colors_info=&#8220;{}&#8220;]<\/p>\n<p><span style=\"font-size: large;\"><strong><b>Schreiben \/ Aufruf an Scholz etc.:\u00a0Sicherung der Energieversorgung in unserem Land \u2026<\/b><\/strong><\/span><\/p>\n<p>&#8212;&#8212;&#8211; Original Nachricht &#8212;&#8212;&#8211;<br \/>Betreff: Fwd: Sicherung der Energieversorgung in unserem Land mit \/ durch Weiterbetrieb unserer Kernkraftwerke<br \/>Datum: 31.07.2022 18:48 (GMT +02:00)<br \/>Von: martin.lindner@buerger-fuer-technik.de<br \/>An: Olaf.scholz@bundestag.de, robert.habeck@bundestag.de, annalena.baerbock@bundestag.de, <a href=\"mailto:christian.lindner@bundestag.de\"><span>christian.lindner@bundestag.de<\/span><\/a> &#8230; (weitere Bundes-Politiker, B\u00fcros der Ministerpr\u00e4sidenten &#8230;)<\/p>\n<p>(&#8212;&#8212;&#8211; Original Nachricht &#8212;&#8212;&#8211;<br \/>Betreff: Sicherung der Energieversorgung in unserem Land mit \/ durch Weiterbetrieb unserer Kernkraftwerke<br \/>Datum: 30.07.2022 17:20 (GMT +02:00)<br \/>Von: <a href=\"mailto:martin.lindner@buerger-fuer-technik.de\"><span>martin.lindner@buerger-fuer-technik.de<\/span><\/a><\/p>\n<p>An: Olaf.scholz@bundestag.de, robert.habeck@bundestag.de, annalena.baerbock@bundestag.de, <a href=\"mailto:christian.lindner@bundestag.de\"><span>christian.lindner@bundestag.de<\/span><\/a> &#8230; (weitere Bundes-Politiker, B\u00fcros der Ministerpr\u00e4sidenten &#8230;))<\/p>\n<p>Sehr geehrter Herr Bundeskanzler,<\/p>\n<p>sehr geehrte weitere Damen und Herren (Regierende \/ Verantwortliche &#8211; und alle anderen Geschlechter &#8211; wir gendern nicht.),<\/p>\n<p>im Folgenden unsere email vom 30.07.22 noch einmal etwas modifiziert, insbesondere bzgl. des Formats der Anh\u00e4nge, welches zur Nichtzustellung bei zahlreichen Empf\u00e4ngern f\u00fchrte.<\/p>\n<p>Wir und viele weitere fachkompetente Mitglieder und Freunde (mit echten Experten) unterst\u00fctzen die Forderung von Herrn Dr. Cleve und anderen Fachleuten nach dem unbedingten Weiterbetrieb der Kernkraftwerke in Deutschland &#8211; der verbliebenen drei aktiven und der drei Ende 2021 abgeschalteten &#8211; jetzt, um statt einem sich abzeichnenden sehr baldigen Blackout weiter eine sichere Energieversorgung in unserem Land zu gew\u00e4hrleisten und f\u00fcr die Zukunft mit GAU-sicheren und M\u00fcll-vermeidenden Reaktoren der Generation IV, wie den THTR (s. Anlagen).<\/p>\n<p>Wie den meisten von Ihnen in ihrer ideologischen Verblendung und mit einseitigen Beratern vermutlich gar nicht bekannt ist, steht Deutschland (mit \u00d6sterreich) mit seiner Energiepolitik weltweit isoliert da, als Leuchtturm nicht Vorbild, sondern der Verblendung. Die anderen Industrie- und Schwellenl\u00e4nder, gro\u00df und klein, gehen den Weg nicht mit, auch wenn die EU, die USA etc. vorgeben, dies zu tun, wird dies real nur inmitten von Europa mit aller Konsequenz in Art der Lemminge umgesetzt. Staaten von China bis Finnland betrachten uns keinesfalls als Vorbild, sondern lachen uns aus f\u00fcr soviel Weltfremdheit und Naivit\u00e4t, bauen vielmehr neue Kernkraftwerke, und haben sich zu einem internationalen Verbund zusammengeschlossen, um gemeinsam die schon oben genannten GAU-sicheren und M\u00fcll-vermeidenden Reaktoren der Generation IV zu entwickeln und zu bauen &#8211; f\u00fcr sichere und nachhaltige Energie, w\u00e4hrend sich Deutschland mit seinen sichersten Kernkraftwerken der Welt auch aus der KKW-Forschung komplett zur\u00fcckgezogen hat.<\/p>\n<p>D nicht nur dort dank &#8222;kluger&#8220; Entscheidungen unser Regierenden auf dem Wege in die Bedeutungslosigkeit, w\u00e4hrend unser wichtigstes Nachbarland Frankreich seine vielen vielen KKWs weiter betreibt und mit seinen Unterst\u00fctzern, als Mehrheit in der EU, durchgesetzt hat, dass Kernkraftwerke als nachhaltig und f\u00f6rderungsw\u00fcrdig gelten, wie auch Energie aus Gas.<\/p>\n<p>Sie pers\u00f6nlich tragen die Verantwortung f\u00fcr die Konsequenzen, wenn Sie meinen, Sie k\u00f6nnten das akute, \u00e4u\u00dferst besorgniserregende Problem, dass sich bei der Energieversorgung in der EU mit Deutschland ganz vorne (im Negativen), explodierenden Preisen etc. ergibt, mit utopischen Latrinen-Parolen, wie Frieren f\u00fcr den Frieden, in Fortsetzung der Merkelschen Politik aussitzen (nein, Putin ist nicht schuld, jedenfalls nicht im Wesentlichen, sondern die verkorkste Energiepolitik in D seit Jahren) und damit unser Land, unsere Energieversorgung, nicht nur unsere Wirtschaft an die Wand fahren, sondern, wenn es ganz schlimm kommt, alleine in Deutschland Millionen von Menschen sterben lassen &#8211; mit dem Zusammenbruch unserer Versorgungssysteme, insbesondere f\u00fcr Wasser, Lebensmittel und ab dem Herbst Heizung \/ W\u00e4rme. Wollen Sie all das mit mit Anarchie \/ B\u00fcrgerkrieg dazu (verantworten)?<\/p>\n<p>MfG<br \/>Dr. Martin Lindner<br \/><span class=\"Apple-converted-space\">\u00a0<\/span>und Eckehard G\u00f6ring<br \/>Vorstand der B\u00fcrger f\u00fcr Technik e.V.<br \/>&#8211; auch im Namen zahlreicher weiterer Unterst\u00fctzer &#8211;<\/p>\n<p><span>s. u.a. <a href=\"https:\/\/reitschuster.de\/post\/professoren-fordern-kernkraftwerke-muessen-weiterlaufen\/\">https:\/\/reitschuster.de\/post\/professoren-fordern-kernkraftwerke-muessen-weiterlaufen\/<\/a><br \/><\/span><\/p>\n<p>ps Solarenergie und Windr\u00e4der k\u00f6nnen Kernenergie, Kohle und Gas nicht ersetzen! Gerade im Winter scheint die Sonne zu schwach, und der Wind weht nur selten dann besonders stark, wenn man es br\u00e4uchte. Es fehlen Speicherm\u00f6glichkeiten jetzt und auch in naher Zukunft (20 Jahre) in gro\u00dfer Menge, die aber unerl\u00e4sslich sind, um die Zeiten der Dunkelflaute zu \u00fcberbr\u00fccken und auch die Stromtransport-Trassen sind f\u00fcr so gro\u00dfe Belastungen bis auf weiteres nicht ausgelegt. (B\u00fcrger f\u00fcr Technik e.V.)<\/p>\n<p><b>Gesendet:<\/b>\u00a0Dienstag, 26. Juli 2022 um 15:34 Uhr<br \/><b>Von:<\/b>\u00a0&#8222;Urban Cleve&#8220; &lt;uicleve@gmx.de&gt;<br \/><b>An:<\/b>\u00a0<a href=\"mailto:Olaf.scholz@bundestag.de\">Olaf.scholz@bundestag.de<\/a><br \/><b>Cc:<\/b>\u00a0robert.habeck@bundestag.de, annalena.baerbock@bundestag.de, &#8222;Christian Lindner\u201c, &#8222;Michael Kretschmer&#8220;, &#8222;Staatskanzlei Bayern&#8220;, &#8222;Kadri Simson&#8220;, &#8222;Ursula von der Leyen&#8220; &lt;ec-president-..&gt;, &#8222;friedrich merz\u201c \u2026<\/p>\n<p><b>Betreff:<\/b>\u00a0Stre\u00dftest zum Weiterbetrieb der Kernkraftwerke<\/p>\n<p>Sehr gehrter Herr Bundeskanzler,<br \/>im Internet lese ich, da\u00df Sie Ihre Entscheidung zum\u00a0 Weiterbetrieb von Kernkraftwerken von Extremtests abh\u00e4ngig machen wollen.<\/p>\n<p>Hierzu glaube ich, vor 56 Jahren einen Beitrag geleistet zu haben, indem ich die Verantwortung f\u00fcr einen weltweit erstmaligen &#8222;GAU-TEST&#8220; in einem Kernkraftwerk \u00fcbernommen habe.<\/p>\n<p>Beschrieben ist dieser Test im anh\u00e4ngendem Zeitungsartikel : <b>&#8222;Tschernobyl h\u00e4tte nicht sein m\u00fcssen!\u201c<\/b><\/p>\n<p>[\/et_pb_text][et_pb_cta title=&#8220;Petition Energie&#8220; button_url=&#8220;@ET-DC@eyJkeW5hbWljIjp0cnVlLCJjb250ZW50IjoicG9zdF9saW5rX3VybF9hdHRhY2htZW50Iiwic2V0dGluZ3MiOnsicG9zdF9pZCI6IjM3MjIifX0=@&#8220; url_new_window=&#8220;on&#8220; button_text=&#8220;PDF Download&#8220; _builder_version=&#8220;4.17.6&#8243; _dynamic_attributes=&#8220;button_url,link_option_url&#8220; _module_preset=&#8220;default&#8220; header_text_color=&#8220;#344D6C&#8220; body_text_color=&#8220;#344D6C&#8220; background_color=&#8220;rgba(0,0,0,0)&#8220; button_text_size=&#8220;14px&#8220; button_text_color=&#8220;#344D6C&#8220; button_bg_color=&#8220;RGBA(0,0,0,0)&#8220; button_border_width=&#8220;1px&#8220; button_border_color=&#8220;#344D6C&#8220; background_layout=&#8220;light&#8220; custom_padding=&#8220;||||false|false&#8220; link_option_url=&#8220;@ET-DC@eyJkeW5hbWljIjp0cnVlLCJjb250ZW50IjoicG9zdF9saW5rX3VybF9hdHRhY2htZW50Iiwic2V0dGluZ3MiOnsicG9zdF9pZCI6IjM3MjIifX0=@&#8220; link_option_url_new_window=&#8220;on&#8220; global_colors_info=&#8220;{}&#8220; background__hover_enabled=&#8220;on|desktop&#8220; background_color__hover=&#8220;rgba(0,0,0,0.08)&#8220; background_enable_color__hover=&#8220;on&#8220; button_border_color__hover_enabled=&#8220;on|hover&#8220; button_bg_color__hover_enabled=&#8220;on|hover&#8220; button_bg_color__hover=&#8220;#FFFFFF&#8220; button_bg_enable_color__hover=&#8220;on&#8220; button_border_color__hover=&#8220;#FFFFFF&#8220;]<\/p>\n<p>B\u00fcrger f\u00fcr Technik Petition Energie<br \/>als Download im PDF Format<\/p>\n<p>[\/et_pb_cta][\/et_pb_column][et_pb_column type=&#8220;1_2&#8243; _builder_version=&#8220;4.16&#8243; global_colors_info=&#8220;{}&#8220;][et_pb_image src=&#8220;http:\/\/jetbild.de\/bft\/wp-content\/uploads\/2022\/08\/02_08_22-Petition.jpg&#8220; title_text=&#8220;02_08_22-Petition&#8220; _builder_version=&#8220;4.17.6&#8243; _module_preset=&#8220;default&#8220; custom_margin=&#8220;||0px||false|false&#8220; global_colors_info=&#8220;{}&#8220;][\/et_pb_image][et_pb_text admin_label=&#8220;Text&#8220; _builder_version=&#8220;4.17.6&#8243; text_line_height=&#8220;1.8em&#8220; custom_padding=&#8220;|||4px|false|false&#8220; global_colors_info=&#8220;{}&#8220;]<\/p>\n<p>Unsere Petition f\u00fcr eine realit\u00e4tsnahe Energiepolitik<\/p>\n<p>[\/et_pb_text][\/et_pb_column][\/et_pb_row][et_pb_row column_structure=&#8220;1_2,1_2&#8243; custom_padding_last_edited=&#8220;on|phone&#8220; _builder_version=&#8220;4.16&#8243; background_color=&#8220;#ffffff&#8220; min_height=&#8220;496.6px&#8220; custom_margin=&#8220;43px|auto||auto|false|false&#8220; custom_padding=&#8220;60px|60px|91px|60px|false|true&#8220; custom_padding_tablet=&#8220;30px|30px|30px|30px|false|true&#8220; custom_padding_phone=&#8220;|20px||20px|true|true&#8220; box_shadow_style=&#8220;preset4&#8243; box_shadow_horizontal=&#8220;-30vw&#8220; box_shadow_vertical=&#8220;0px&#8220; box_shadow_color=&#8220;#ffffff&#8220; global_colors_info=&#8220;{}&#8220;][et_pb_column type=&#8220;1_2&#8243; _builder_version=&#8220;4.16&#8243; global_colors_info=&#8220;{}&#8220;][et_pb_text admin_label=&#8220;Text&#8220; _builder_version=&#8220;4.17.4&#8243; text_line_height=&#8220;1.8em&#8220; custom_padding=&#8220;||10px|||&#8220; global_colors_info=&#8220;{}&#8220;]<\/p>\n<p><span style=\"font-size: large;\"><strong>BfT Newsletter 06.22<\/strong><\/span><span style=\"font-size: 14px;\"><\/span><br \/><span style=\"font-size: 14px;\">Leider viele gar nicht gute Nachrichten bzgl. Demokratie, Energieversorgung und Freiheit in unserem Land \u2013 s. Anhang <strong>Reitschuster<\/strong>: \u201e<\/span><span style=\"font-size: 14px;\"><\/span><span style=\"font-size: 14px;\">Frontalangriff auf meine Seite: \u2026<\/span><span style=\"font-size: 14px;\"> In einer Nacht- und Nebelaktion wurden mir meine Paypal-Konten gesperrt. V\u00f6llig unerwartet, ohne jede Vorwarnung. Und ohne eine echte Begr\u00fcndung. \u2026 Wie aus einem Kafka-Roman.\u201c<br \/><\/span><\/p>\n<div class=\"et_pb_column et_pb_column_1_2 et_pb_column_3  et_pb_css_mix_blend_mode_passthrough\">\n<div class=\"et_pb_module et_pb_text et_pb_text_2  et_pb_text_align_left et_pb_bg_layout_light\">\n<div class=\"et_pb_text_inner\">\n<p><span style=\"font-size: 14px;\"><strong>Michael Ballweg festgenommen \u2013\u00a0wer ist als N\u00e4chster dran?<\/strong> \u00a0\u00a0\u00a0\u00a0 Neue Eskalationsstufe beim Terrorisieren von Anders-denkenden,\u00a0<\/span><span style=\"font-size: 14px;\">Querdenken-Gr\u00fcnder Michael Ballweg sitzt im Gef\u00e4ngnis. Der Mainstream jubelt. Die Vorw\u00fcrfe wirken merkw\u00fcrdig. Ebenso wie das Durchstechen der Festnahme an die Medien. Der 29. Juni ist ein h\u00f6chst alarmierender Wendepunkt.<br \/><\/span><\/p>\n<p><strong><span style=\"font-size: 14px;\"><a rel=\"noopener noreferrer\" href=\"https:\/\/de.statista.com\/infografik\/27618\/gasfluss-durch-pipelines-aus-russland-nach-deutschland\/?utm_source=Statista+Newsletters&amp;utm_campaign=c47e57b665-All_InfographTicker_daily_DE_PM_KW26_2022_Mo_COPY_&amp;utm_medium=email&amp;utm_term=0_662f7ed75e-c47e57b665-314695301\" target=\"_blank\">https:\/\/de.statista.com 24.06.22:<\/a><\/span><\/strong><span style=\"font-size: 14px;\"> Erdgas in Deutschland\u203a Gaslieferungen aus Russland stark r\u00fcckl\u00e4ufig <\/span><\/p>\n<\/div>\n<\/div>\n<\/div>\n<p>&nbsp;<\/p>\n<p><span><strong>Gaskrise in Deutschland<br \/><\/strong><\/span><span style=\"font-size: 14px;\">Wer braucht wieviel Gas f\u00fcr was. Eine Analyse.<\/span><\/p>\n<p><span><strong>Warum Kinder eine Corona-Impfung bekommen sollen<\/strong><br \/>Weshalb das Corona-System die Impfung braucht.<br \/><\/span><\/p>\n<p><span><strong>Europas Massen\u00fcberwachung tritt in Kraft<\/strong><br \/><\/span><span>Die neue Europol Verordnung ist in Kraft getreten.<\/span><\/p>\n<p><strong>Kommt ein Kohle Revival?<br \/><\/strong><span>Was daf\u00fcr und dagegen spricht.<\/span><br \/><strong><\/strong><\/p>\n<p>Das und vieles mehr in unserem aktuellen Newsletter der zum Download bereit steht<\/p>\n<p>[\/et_pb_text][et_pb_cta title=&#8220;Newsletter 06.22&#8243; button_url=&#8220;@ET-DC@eyJkeW5hbWljIjp0cnVlLCJjb250ZW50IjoicG9zdF9saW5rX3VybF9hdHRhY2htZW50Iiwic2V0dGluZ3MiOnsicG9zdF9pZCI6IjM1NjAifX0=@&#8220; url_new_window=&#8220;on&#8220; button_text=&#8220;PDF Download&#8220; _builder_version=&#8220;4.17.6&#8243; _dynamic_attributes=&#8220;button_url,link_option_url&#8220; _module_preset=&#8220;default&#8220; header_text_color=&#8220;#344D6C&#8220; body_text_color=&#8220;#344D6C&#8220; background_color=&#8220;rgba(0,0,0,0)&#8220; button_text_size=&#8220;14px&#8220; button_text_color=&#8220;#344D6C&#8220; button_bg_color=&#8220;RGBA(0,0,0,0)&#8220; button_border_width=&#8220;1px&#8220; button_border_color=&#8220;#344D6C&#8220; background_layout=&#8220;light&#8220; custom_padding=&#8220;||||false|false&#8220; link_option_url=&#8220;@ET-DC@eyJkeW5hbWljIjp0cnVlLCJjb250ZW50IjoicG9zdF9saW5rX3VybF9hdHRhY2htZW50Iiwic2V0dGluZ3MiOnsicG9zdF9pZCI6IjM1NjAifX0=@&#8220; link_option_url_new_window=&#8220;on&#8220; global_colors_info=&#8220;{}&#8220; background__hover_enabled=&#8220;on|desktop&#8220; background_color__hover=&#8220;rgba(0,0,0,0.08)&#8220; background_enable_color__hover=&#8220;on&#8220; button_border_color__hover_enabled=&#8220;on|hover&#8220; button_bg_color__hover_enabled=&#8220;on|hover&#8220; button_bg_color__hover=&#8220;#FFFFFF&#8220; button_bg_enable_color__hover=&#8220;on&#8220; button_border_color__hover=&#8220;#FFFFFF&#8220;]<\/p>\n<p>B\u00fcrger f\u00fcr Technik Newsletter<br \/>als Download im PDF Format<\/p>\n<p>[\/et_pb_cta][\/et_pb_column][et_pb_column type=&#8220;1_2&#8243; _builder_version=&#8220;4.16&#8243; global_colors_info=&#8220;{}&#8220;][et_pb_image src=&#8220;http:\/\/jetbild.de\/bft\/wp-content\/uploads\/2022\/07\/03_07_22.jpg&#8220; title_text=&#8220;03_07_22&#8243; _builder_version=&#8220;4.17.6&#8243; _module_preset=&#8220;default&#8220; custom_margin=&#8220;||0px||false|false&#8220; global_colors_info=&#8220;{}&#8220;][\/et_pb_image][et_pb_text admin_label=&#8220;Text&#8220; _builder_version=&#8220;4.17.6&#8243; text_line_height=&#8220;1.8em&#8220; custom_padding=&#8220;|||4px|false|false&#8220; global_colors_info=&#8220;{}&#8220;]<\/p>\n<p>Unser aktueller BfT Newsletter f\u00fcr den Juni 2022<\/p>\n<p>[\/et_pb_text][\/et_pb_column][\/et_pb_row][et_pb_row column_structure=&#8220;1_2,1_2&#8243; custom_padding_last_edited=&#8220;on|phone&#8220; _builder_version=&#8220;4.16&#8243; background_color=&#8220;#ffffff&#8220; min_height=&#8220;535px&#8220; custom_margin=&#8220;-69px|auto||auto|false|false&#8220; custom_padding=&#8220;109px|60px|91px|60px|false|true&#8220; custom_padding_tablet=&#8220;30px|30px|30px|30px|false|true&#8220; custom_padding_phone=&#8220;|20px||20px|true|true&#8220; box_shadow_style=&#8220;preset4&#8243; box_shadow_horizontal=&#8220;-30vw&#8220; box_shadow_vertical=&#8220;0px&#8220; box_shadow_color=&#8220;#ffffff&#8220; global_colors_info=&#8220;{}&#8220;][et_pb_column type=&#8220;1_2&#8243; _builder_version=&#8220;4.16&#8243; global_colors_info=&#8220;{}&#8220;][et_pb_text admin_label=&#8220;Text&#8220; _builder_version=&#8220;4.17.4&#8243; text_line_height=&#8220;1.8em&#8220; custom_padding=&#8220;0px||4px|||&#8220; global_colors_info=&#8220;{}&#8220;]<\/p>\n<p><span style=\"font-size: large;\"><strong>Mitgliedsbeitrag B\u00fcrger f\u00fcr Technik<\/strong><\/span><br \/>Bitte auch in 2022 an den Mitgliedsbeitrag denken (bis M\u00e4rz)<\/p>\n<p><span>Wie im vergangenen Jahr betr\u00e4gt der Jahres-Mitgliedsbeitrag 30 Euro pro Person, <b>kann durch den BfT-Vorstand in begr\u00fcndeten Einzelf\u00e4llen erm\u00e4\u00dfigt werden;<\/b> dar\u00fcber hinausgehende Spenden sind nat\u00fcrlich willkommen!<br \/>Vielen Dank f\u00fcr die zeitnahen \u00dcberweisungen auf unser Vereinskonto.<\/span><\/p>\n<p>[\/et_pb_text][\/et_pb_column][et_pb_column type=&#8220;1_2&#8243; _builder_version=&#8220;4.16&#8243; global_colors_info=&#8220;{}&#8220;][et_pb_image src=&#8220;http:\/\/jetbild.de\/bft\/wp-content\/uploads\/2022\/02\/IMG_20220217_134157_resized_20220217_014216152.jpg&#8220; title_text=&#8220;IMG_20220217_134157_resized_20220217_014216152&#8243; _builder_version=&#8220;4.16&#8243; _module_preset=&#8220;default&#8220; custom_margin=&#8220;||0px||false|false&#8220; global_colors_info=&#8220;{}&#8220;][\/et_pb_image][et_pb_text admin_label=&#8220;Text&#8220; _builder_version=&#8220;4.17.4&#8243; text_line_height=&#8220;1.8em&#8220; custom_padding=&#8220;|||4px|false|false&#8220; global_colors_info=&#8220;{}&#8220;]<\/p>\n<p>Mitgliedsbeitrag 2022 f\u00fcr B\u00fcrger f\u00fcr Technik e.V. bald \u00fcberweisen<\/p>\n<p>[\/et_pb_text][\/et_pb_column][\/et_pb_row][et_pb_row column_structure=&#8220;1_2,1_2&#8243; custom_padding_last_edited=&#8220;on|phone&#8220; _builder_version=&#8220;4.16&#8243; background_color=&#8220;#ffffff&#8220; custom_margin=&#8220;7px|auto||auto|false|false&#8220; custom_padding=&#8220;60px|60px|91px|60px|false|true&#8220; custom_padding_tablet=&#8220;30px|30px|30px|30px|false|true&#8220; custom_padding_phone=&#8220;|20px||20px|true|true&#8220; box_shadow_style=&#8220;preset4&#8243; box_shadow_horizontal=&#8220;-30vw&#8220; box_shadow_vertical=&#8220;0px&#8220; box_shadow_color=&#8220;#ffffff&#8220; global_colors_info=&#8220;{}&#8220;][et_pb_column type=&#8220;1_2&#8243; _builder_version=&#8220;4.16&#8243; global_colors_info=&#8220;{}&#8220;][et_pb_text admin_label=&#8220;Text&#8220; _builder_version=&#8220;4.17.4&#8243; text_line_height=&#8220;1.8em&#8220; custom_padding=&#8220;||4px|||&#8220; global_colors_info=&#8220;{}&#8220;]<\/p>\n<p><span style=\"font-size: large;\"><strong> Jahrestagung der B\u00fcrger f\u00fcr Technik und Freunde <\/strong><\/span><br \/><span class=\"Apple-converted-space\"><span>Unser j\u00e4hrliches Treffen diesmal am 1. Oktober 2022.\u00a0Zu den Vortr\u00e4gen sind gegen Teilnahmegeb\u00fchr von <\/span><span>10,<\/span><span>\u2013 \u20ac zzgl. Bewirtungs- und \u00dcbernachtungskosten auch fachlich interessierte Nichtmitglieder willkommen.<\/span> <\/span><\/p>\n<p>Wie bereits im vergangenen Jahr treffen wir uns zu unserer j\u00e4hrlichen Tagung wieder in Hannover. Wir freuen uns jetzt schon auf viele interessante und fachlich fundierte Vortr\u00e4ge, spannende Diskussionen, gute Gespr\u00e4che mit netten Menschen, ein anregendes Rahmenprogramm und leckeres Essen.<\/p>\n<p>&nbsp;<\/p>\n<p>[\/et_pb_text][\/et_pb_column][et_pb_column type=&#8220;1_2&#8243; _builder_version=&#8220;4.16&#8243; global_colors_info=&#8220;{}&#8220;][et_pb_image src=&#8220;http:\/\/jetbild.de\/bft\/wp-content\/uploads\/2022\/02\/HannoverBild.jpg&#8220; title_text=&#8220;HannoverBild&#8220; _builder_version=&#8220;4.16&#8243; _module_preset=&#8220;default&#8220; custom_margin=&#8220;||0px||false|false&#8220; global_colors_info=&#8220;{}&#8220;][\/et_pb_image][et_pb_text admin_label=&#8220;Text&#8220; _builder_version=&#8220;4.16&#8243; text_line_height=&#8220;1.8em&#8220; custom_padding=&#8220;|||4px|false|false&#8220; global_colors_info=&#8220;{}&#8220;]<\/p>\n<p>Kneipenmeile am Holzmarkt und Leibniz-Universit\u00e4t<\/p>\n<p>[\/et_pb_text][\/et_pb_column][\/et_pb_row][\/et_pb_section][et_pb_section fb_built=&#8220;1&#8243; _builder_version=&#8220;4.16&#8243; _module_preset=&#8220;default&#8220; custom_padding=&#8220;83px|||||&#8220; locked=&#8220;off&#8220; global_colors_info=&#8220;{}&#8220;][et_pb_row _builder_version=&#8220;4.16&#8243; _module_preset=&#8220;default&#8220; global_colors_info=&#8220;{}&#8220;][et_pb_column type=&#8220;4_4&#8243; _builder_version=&#8220;4.16&#8243; _module_preset=&#8220;default&#8220; global_colors_info=&#8220;{}&#8220;][et_pb_blog fullwidth=&#8220;off&#8220; posts_number=&#8220;12&#8243; include_categories=&#8220;58,74&#8243; show_more=&#8220;on&#8220; show_author=&#8220;off&#8220; show_date=&#8220;off&#8220; show_categories=&#8220;off&#8220; _builder_version=&#8220;4.17.6&#8243; _module_preset=&#8220;default&#8220; global_colors_info=&#8220;{}&#8220;][\/et_pb_blog][\/et_pb_column][\/et_pb_row][\/et_pb_section]<\/p>\n","protected":false},"excerpt":{"rendered":"<p>Aktuelles &amp; OrganisatorischesHier findet man aktuelle \u00c4nderungen, Termine etc., den Verein betreffend, sowie weitere Events, Ank\u00fcndigungen etc., anderer,\u00a0die f\u00fcr uns, BfT-Mitglieder und Freunde, von Interesse sind &#8211; sowie die neusten Beitr\u00e4ge und Newsletter.Schreiben \/ Aufruf an Scholz etc.:\u00a0Sicherung der Energieversorgung in unserem Land \u2026 &#8212;&#8212;&#8211; Original Nachricht &#8212;&#8212;&#8211;Betreff: Fwd: Sicherung der Energieversorgung in unserem Land [&hellip;]<\/p>\n","protected":false},"author":1,"featured_media":0,"parent":0,"menu_order":0,"comment_status":"closed","ping_status":"closed","template":"","meta":{"_et_pb_use_builder":"on","_et_pb_old_content":"","_et_gb_content_width":""},"_links":{"self":[{"href":"http:\/\/jetbild.de\/bft\/wp-json\/wp\/v2\/pages\/214"}],"collection":[{"href":"http:\/\/jetbild.de\/bft\/wp-json\/wp\/v2\/pages"}],"about":[{"href":"http:\/\/jetbild.de\/bft\/wp-json\/wp\/v2\/types\/page"}],"author":[{"embeddable":true,"href":"http:\/\/jetbild.de\/bft\/wp-json\/wp\/v2\/users\/1"}],"replies":[{"embeddable":true,"href":"http:\/\/jetbild.de\/bft\/wp-json\/wp\/v2\/comments?post=214"}],"version-history":[{"count":101,"href":"http:\/\/jetbild.de\/bft\/wp-json\/wp\/v2\/pages\/214\/revisions"}],"predecessor-version":[{"id":3728,"href":"http:\/\/jetbild.de\/bft\/wp-json\/wp\/v2\/pages\/214\/revisions\/3728"}],"wp:attachment":[{"href":"http:\/\/jetbild.de\/bft\/wp-json\/wp\/v2\/media?parent=214"}],"curies":[{"name":"wp","href":"https:\/\/api.w.org\/{rel}","templated":true}]}}