{"id":2848,"date":"2022-04-01T22:32:25","date_gmt":"2022-04-01T20:32:25","guid":{"rendered":"http:\/\/jetbild.de\/bft\/?page_id=2848"},"modified":"2022-07-05T16:29:21","modified_gmt":"2022-07-05T14:29:21","slug":"links-2","status":"publish","type":"page","link":"http:\/\/jetbild.de\/bft\/links-2\/","title":{"rendered":"Impressum"},"content":{"rendered":"<p>[et_pb_section fb_built=&#8220;1&#8243; custom_padding_last_edited=&#8220;on|phone&#8220; admin_label=&#8220;Header&#8220; _builder_version=&#8220;4.16.0&#8243; use_background_color_gradient=&#8220;on&#8220; background_color_gradient_stops=&#8220;#344d6c 0%|rgba(0,0,0,0.5) 100%&#8220; background_color_gradient_overlays_image=&#8220;on&#8220; background_color_gradient_start=&#8220;#344d6c&#8220; background_color_gradient_end=&#8220;rgba(0,0,0,0.5)&#8220; background_image=&#8220;http:\/\/jetbild.de\/bft\/wp-content\/uploads\/2021\/07\/renovation-62.jpg&#8220; custom_padding=&#8220;||220px||false|false&#8220; custom_padding_tablet=&#8220;||220px||false|false&#8220; custom_padding_phone=&#8220;||200px||false|false&#8220; locked=&#8220;off&#8220; global_colors_info=&#8220;{}&#8220;][et_pb_row _builder_version=&#8220;4.16&#8243; global_colors_info=&#8220;{}&#8220;][et_pb_column type=&#8220;4_4&#8243; _builder_version=&#8220;4.16&#8243; global_colors_info=&#8220;{}&#8220;][et_pb_text _builder_version=&#8220;4.17.4&#8243; header_font=&#8220;Kanit|500|||||||&#8220; header_font_size=&#8220;4vw&#8220; header_line_height=&#8220;1.1em&#8220; text_orientation=&#8220;center&#8220; background_layout=&#8220;dark&#8220; max_width=&#8220;795px&#8220; module_alignment=&#8220;center&#8220; header_font_size_tablet=&#8220;42px&#8220; header_font_size_phone=&#8220;36px&#8220; header_font_size_last_edited=&#8220;on|desktop&#8220; global_colors_info=&#8220;{}&#8220;]<\/p>\n<h1><\/h1>\n<h1>Aktuelle Links zu anderen Web-Seiten<\/h1>\n<p>[\/et_pb_text][\/et_pb_column][\/et_pb_row][\/et_pb_section][et_pb_section fb_built=&#8220;1&#8243; admin_label=&#8220;About&#8220; _builder_version=&#8220;4.16&#8243; locked=&#8220;off&#8220; global_colors_info=&#8220;{}&#8220;][et_pb_row column_structure=&#8220;1_2,1_2&#8243; custom_padding_last_edited=&#8220;on|phone&#8220; _builder_version=&#8220;4.16&#8243; background_color=&#8220;#ffffff&#8220; custom_margin=&#8220;-220px||||false|false&#8220; custom_padding=&#8220;60px|60px|91px|60px|false|true&#8220; custom_padding_tablet=&#8220;30px|30px|30px|30px|false|true&#8220; custom_padding_phone=&#8220;|20px||20px|true|true&#8220; box_shadow_style=&#8220;preset4&#8243; box_shadow_horizontal=&#8220;-30vw&#8220; box_shadow_vertical=&#8220;0px&#8220; box_shadow_color=&#8220;#ffffff&#8220; global_colors_info=&#8220;{}&#8220;][et_pb_column type=&#8220;1_2&#8243; _builder_version=&#8220;4.16&#8243; global_colors_info=&#8220;{}&#8220;][et_pb_accordion open_toggle_background_color=&#8220;rgba(0,0,0,0)&#8220; closed_toggle_text_color=&#8220;#2a2a2a&#8220; closed_toggle_background_color=&#8220;rgba(0,0,0,0)&#8220; icon_color=&#8220;#2a2a2a&#8220; _builder_version=&#8220;4.17.4&#8243; toggle_text_color=&#8220;#000000&#8243; toggle_font=&#8220;Kanit|600|||||||&#8220; toggle_font_size=&#8220;20px&#8220; toggle_line_height=&#8220;1.5em&#8220; body_line_height=&#8220;1.8em&#8220; width=&#8220;100%&#8220; custom_margin=&#8220;-39px|||||&#8220; toggle_font_size_tablet=&#8220;18px&#8220; toggle_font_size_phone=&#8220;16px&#8220; toggle_font_size_last_edited=&#8220;on|phone&#8220; border_width_all=&#8220;0px&#8220; border_color_all=&#8220;rgba(0,0,0,0.12)&#8220; border_width_bottom=&#8220;1px&#8220; global_colors_info=&#8220;{}&#8220;][et_pb_accordion_item open=&#8220;on&#8220; _builder_version=&#8220;4.17.4&#8243; custom_margin=&#8220;||0px||false|false&#8220; custom_padding=&#8220;|0px||0px|false|true&#8220; global_colors_info=&#8220;{}&#8220;]<\/p>\n<p>Bitte besuchen Sie gerne auch die folgenden Webseiten zu den Themen Bildung, Energie, Gesellschaft, Klima, Naturwissenschaften &amp; Technik, Umwelt etc. :<br \/><a href=\"https:\/\/energiefakten.wordpress.com\">energiefakten.wordpress.com<\/a><br \/><a href=\"https:\/\/klauseberhardwagner.wordpress.com\">klauseberhardwagner.wordpress.com<\/a><br \/><a href=\"https:\/\/wilfriedheck.tripod.com\">wilfriedheck.tripod.com<\/a><br \/><a href=\"https:\/\/www.kernd.de\/kernd\/\">www.Kernenergie.de<\/a><br \/><a href=\"https:\/\/www.ktg.de\">www.ktg.de<\/a><br \/><a href=\"https:\/\/eike-klima-energie.eu\">www.EIKE-klima-energie.eu<\/a><br \/><a href=\"https:\/\/www.naeb.info\">www.naeb.info<\/a><br \/><a href=\"http:\/\/www.Achgut.com\">www.Achgut.com \u00a0<\/a>Online-Tagebuch des publizistischen Netzwerks \u201cDie Achse des Guten\u201d (Blog von Hendrik M. Broder, G\u00fcnther Ederer, Dirk Maxeiner etc.)<\/p>\n<p><a href=\"http:\/\/www.ageu-die-realisten.com\">ageu-die-realisten.com<\/a><br \/>\n<a href=\"https:\/\/fortschrittinfreiheit.de\">fortschrittinfreiheit.de<\/a><br \/>\n<a href=\"https:\/\/www.epochtimes.de\">epochtimes.de<\/a><br \/>\n<a href=\"https:\/\/www.mmnews.de\">mmnews.de<\/a><br \/>\n<a href=\"https:\/\/www.reitschuster.de\">reitschuster.de<\/a><br \/>\n<a href=\"https:\/\/report24.news\/\">report24.news<\/a><br \/>\n<a href=\"https:\/\/www.anti-spiegel.ru\">www.anti-spiegel.ru\/<\/a><br \/>\n<a href=\"https:\/\/uncutnews.ch\">https:\/\/uncutnews.ch<\/a><br \/>\n<a href=\"https:\/\/neue-medien-portal.de\">neue-medien-portal.de<\/a> (Sammlung von Links zu neuen \/ alternativen Medien)<\/p>\n<p>Beitr\u00e4ge, Kommentare etc. unter diesen Links halten wir f\u00fcr wertig gelesen zu werden, das hei\u00dft aber nicht, dass wir die Meinungen dieser Autoren unbedingt teilen und wir \u00fcbernehmen auch keine Verantwortung, distanzieren uns von evtl. Formulierungen, durch die sich andere angegriffen oder beleidigt f\u00fchlen k\u00f6nnten.<\/p>\n<p>[\/et_pb_accordion_item][\/et_pb_accordion][\/et_pb_column][et_pb_column type=&#8220;1_2&#8243; _builder_version=&#8220;4.16&#8243; global_colors_info=&#8220;{}&#8220;][et_pb_image src=&#8220;http:\/\/jetbild.de\/bft\/wp-content\/uploads\/2022\/04\/LinkszuAnderen.jpg&#8220; title_text=&#8220;LinkszuAnderen&#8220; url=&#8220;https:\/\/unsplash.com\/photos\/yyMJNPgQ-X8&#8243; _builder_version=&#8220;4.16.0&#8243; _module_preset=&#8220;default&#8220; custom_margin=&#8220;||0px||false|false&#8220; global_colors_info=&#8220;{}&#8220;][\/et_pb_image][et_pb_text admin_label=&#8220;Text&#8220; _builder_version=&#8220;4.16.0&#8243; text_line_height=&#8220;1.8em&#8220; custom_padding=&#8220;|||4px|false|false&#8220; global_colors_info=&#8220;{}&#8220;][\/et_pb_text][\/et_pb_column][\/et_pb_row][\/et_pb_section]<\/p>\n","protected":false},"excerpt":{"rendered":"<p>Aktuelle Links zu anderen Web-SeitenBitte besuchen Sie gerne auch die folgenden Webseiten zu den Themen Bildung, Energie, Gesellschaft, Klima, Naturwissenschaften &amp; Technik, Umwelt etc. :energiefakten.wordpress.comklauseberhardwagner.wordpress.comwilfriedheck.tripod.comwww.Kernenergie.dewww.ktg.dewww.EIKE-klima-energie.euwww.naeb.infowww.Achgut.com \u00a0Online-Tagebuch des publizistischen Netzwerks \u201cDie Achse des Guten\u201d (Blog von Hendrik M. Broder, G\u00fcnther Ederer, Dirk Maxeiner etc.) ageu-die-realisten.com fortschrittinfreiheit.de epochtimes.de mmnews.de reitschuster.de report24.news www.anti-spiegel.ru\/ https:\/\/uncutnews.ch neue-medien-portal.de (Sammlung von Links [&hellip;]<\/p>\n","protected":false},"author":1,"featured_media":0,"parent":0,"menu_order":0,"comment_status":"closed","ping_status":"closed","template":"","meta":{"_et_pb_use_builder":"on","_et_pb_old_content":"","_et_gb_content_width":""},"_links":{"self":[{"href":"http:\/\/jetbild.de\/bft\/wp-json\/wp\/v2\/pages\/2848"}],"collection":[{"href":"http:\/\/jetbild.de\/bft\/wp-json\/wp\/v2\/pages"}],"about":[{"href":"http:\/\/jetbild.de\/bft\/wp-json\/wp\/v2\/types\/page"}],"author":[{"embeddable":true,"href":"http:\/\/jetbild.de\/bft\/wp-json\/wp\/v2\/users\/1"}],"replies":[{"embeddable":true,"href":"http:\/\/jetbild.de\/bft\/wp-json\/wp\/v2\/comments?post=2848"}],"version-history":[{"count":10,"href":"http:\/\/jetbild.de\/bft\/wp-json\/wp\/v2\/pages\/2848\/revisions"}],"predecessor-version":[{"id":3142,"href":"http:\/\/jetbild.de\/bft\/wp-json\/wp\/v2\/pages\/2848\/revisions\/3142"}],"wp:attachment":[{"href":"http:\/\/jetbild.de\/bft\/wp-json\/wp\/v2\/media?parent=2848"}],"curies":[{"name":"wp","href":"https:\/\/api.w.org\/{rel}","templated":true}]}}