{"id":468,"date":"2021-09-24T16:47:42","date_gmt":"2021-09-24T14:47:42","guid":{"rendered":"http:\/\/jetbild.de\/bft\/?page_id=468"},"modified":"2022-07-28T08:09:20","modified_gmt":"2022-07-28T06:09:20","slug":"energie-2","status":"publish","type":"page","link":"http:\/\/jetbild.de\/bft\/energie-2\/","title":{"rendered":"Energie"},"content":{"rendered":"<p>[et_pb_section fb_built=&#8220;1&#8243; custom_padding_last_edited=&#8220;on|phone&#8220; admin_label=&#8220;Header&#8220; _builder_version=&#8220;4.16&#8243; use_background_color_gradient=&#8220;on&#8220; background_color_gradient_stops=&#8220;#344d6c 0%|rgba(0,0,0,0.5) 100%&#8220; background_color_gradient_overlays_image=&#8220;on&#8220; background_color_gradient_start=&#8220;#344d6c&#8220; background_color_gradient_end=&#8220;rgba(0,0,0,0.5)&#8220; background_image=&#8220;http:\/\/jetbild.de\/bft\/wp-content\/uploads\/2021\/07\/renovation-62.jpg&#8220; custom_padding=&#8220;||220px||false|false&#8220; custom_padding_tablet=&#8220;||220px||false|false&#8220; custom_padding_phone=&#8220;||200px||false|false&#8220; locked=&#8220;off&#8220; global_colors_info=&#8220;{}&#8220;][et_pb_row _builder_version=&#8220;4.16&#8243; global_colors_info=&#8220;{}&#8220;][et_pb_column type=&#8220;4_4&#8243; _builder_version=&#8220;4.16&#8243; global_colors_info=&#8220;{}&#8220;][et_pb_text _builder_version=&#8220;4.16&#8243; header_font=&#8220;Kanit|500|||||||&#8220; header_font_size=&#8220;4vw&#8220; header_line_height=&#8220;1.1em&#8220; text_orientation=&#8220;center&#8220; background_layout=&#8220;dark&#8220; max_width=&#8220;795px&#8220; module_alignment=&#8220;center&#8220; header_font_size_tablet=&#8220;42px&#8220; header_font_size_phone=&#8220;36px&#8220; header_font_size_last_edited=&#8220;on|desktop&#8220; global_colors_info=&#8220;{}&#8220;]<\/p>\n<h1>Energie und Industriestandort Deutschland<\/h1>\n<p>[\/et_pb_text][\/et_pb_column][\/et_pb_row][\/et_pb_section][et_pb_section fb_built=&#8220;1&#8243; admin_label=&#8220;About&#8220; _builder_version=&#8220;4.16&#8243; locked=&#8220;off&#8220; global_colors_info=&#8220;{}&#8220;][et_pb_row column_structure=&#8220;1_2,1_2&#8243; custom_padding_last_edited=&#8220;on|phone&#8220; _builder_version=&#8220;4.16&#8243; background_color=&#8220;#ffffff&#8220; custom_margin=&#8220;-220px||||false|false&#8220; custom_padding=&#8220;60px|60px||60px|false|true&#8220; custom_padding_tablet=&#8220;30px|30px|30px|30px|false|true&#8220; custom_padding_phone=&#8220;|20px||20px|true|true&#8220; box_shadow_style=&#8220;preset4&#8243; box_shadow_horizontal=&#8220;-30vw&#8220; box_shadow_vertical=&#8220;0px&#8220; box_shadow_color=&#8220;#ffffff&#8220; global_colors_info=&#8220;{}&#8220;][et_pb_column type=&#8220;1_2&#8243; _builder_version=&#8220;4.16&#8243; global_colors_info=&#8220;{}&#8220;][et_pb_text admin_label=&#8220;Text&#8220; _builder_version=&#8220;4.16&#8243; text_line_height=&#8220;1.8em&#8220; global_colors_info=&#8220;{}&#8220;]<\/p>\n<p>Thema Nr.1\u2019 &#8211; traditionell mit den meisten Beitr\u00e4gen, weil wir eben viele Ingenieure und Doktoren mit jahrzehntelanger Berufserfahrung in Energiewirtschaft\/Industrie und Professoren aus eben diesen Bereichen in unseren Reihen haben.<\/p>\n<p>Unsere Industrie und eine verl\u00e4ssliche Energieversorgung sind das R\u00fcckrat unser Gesellschaft &#8211; f\u00fcr B\u00fcrger und Wirtschaft. Bei uns finden Sie Energie-Fakten statt -Ideologien, welche die explodierenden Stromkosten verursacht haben und uns bald in einen Blackout f\u00fchren, wenn nicht das Ruder herumgerissen wird.<\/p>\n<p>[\/et_pb_text][\/et_pb_column][et_pb_column type=&#8220;1_2&#8243; _builder_version=&#8220;4.16&#8243; global_colors_info=&#8220;{}&#8220;][et_pb_image src=&#8220;http:\/\/jetbild.de\/bft\/wp-content\/uploads\/2021\/09\/Energie.png&#8220; title_text=&#8220;Energie&#8220; url=&#8220;https:\/\/unsplash.com\/photos\/YsvAZFxDZ_8&#8243; _builder_version=&#8220;4.16&#8243; _module_preset=&#8220;default&#8220; custom_margin=&#8220;||8px||false|false&#8220; custom_padding=&#8220;||||false|false&#8220; global_colors_info=&#8220;{}&#8220;][\/et_pb_image][et_pb_text admin_label=&#8220;Text&#8220; _builder_version=&#8220;4.16&#8243; text_line_height=&#8220;1.8em&#8220; custom_padding=&#8220;|||4px|false|false&#8220; global_colors_info=&#8220;{}&#8220;]<\/p>\n<p>R\u00fcckgrat der Industrie ist eine stabile Energieversorgung <\/p>\n<p>[\/et_pb_text][\/et_pb_column][\/et_pb_row][\/et_pb_section][et_pb_section fb_built=&#8220;1&#8243; _builder_version=&#8220;4.16&#8243; _module_preset=&#8220;default&#8220; global_colors_info=&#8220;{}&#8220;][et_pb_row _builder_version=&#8220;4.16&#8243; _module_preset=&#8220;default&#8220; global_colors_info=&#8220;{}&#8220;][et_pb_column type=&#8220;4_4&#8243; _builder_version=&#8220;4.16&#8243; _module_preset=&#8220;default&#8220; global_colors_info=&#8220;{}&#8220;][et_pb_blog fullwidth=&#8220;off&#8220; posts_number=&#8220;12&#8243; include_categories=&#8220;9,8,12&#8243; _builder_version=&#8220;4.17.6&#8243; _module_preset=&#8220;default&#8220; hover_enabled=&#8220;0&#8243; global_colors_info=&#8220;{}&#8220; show_author=&#8220;off&#8220; show_more=&#8220;on&#8220; show_date=&#8220;off&#8220; show_categories=&#8220;off&#8220; sticky_enabled=&#8220;0&#8243;][\/et_pb_blog][\/et_pb_column][\/et_pb_row][\/et_pb_section]<\/p>\n","protected":false},"excerpt":{"rendered":"<p>Energie und Industriestandort DeutschlandThema Nr.1\u2019 &#8211; traditionell mit den meisten Beitr\u00e4gen, weil wir eben viele Ingenieure und Doktoren mit jahrzehntelanger Berufserfahrung in Energiewirtschaft\/Industrie und Professoren aus eben diesen Bereichen in unseren Reihen haben. Unsere Industrie und eine verl\u00e4ssliche Energieversorgung sind das R\u00fcckrat unser Gesellschaft &#8211; f\u00fcr B\u00fcrger und Wirtschaft. Bei uns finden Sie Energie-Fakten statt [&hellip;]<\/p>\n","protected":false},"author":1,"featured_media":0,"parent":0,"menu_order":0,"comment_status":"closed","ping_status":"closed","template":"","meta":{"_et_pb_use_builder":"on","_et_pb_old_content":"","_et_gb_content_width":""},"_links":{"self":[{"href":"http:\/\/jetbild.de\/bft\/wp-json\/wp\/v2\/pages\/468"}],"collection":[{"href":"http:\/\/jetbild.de\/bft\/wp-json\/wp\/v2\/pages"}],"about":[{"href":"http:\/\/jetbild.de\/bft\/wp-json\/wp\/v2\/types\/page"}],"author":[{"embeddable":true,"href":"http:\/\/jetbild.de\/bft\/wp-json\/wp\/v2\/users\/1"}],"replies":[{"embeddable":true,"href":"http:\/\/jetbild.de\/bft\/wp-json\/wp\/v2\/comments?post=468"}],"version-history":[{"count":17,"href":"http:\/\/jetbild.de\/bft\/wp-json\/wp\/v2\/pages\/468\/revisions"}],"predecessor-version":[{"id":3580,"href":"http:\/\/jetbild.de\/bft\/wp-json\/wp\/v2\/pages\/468\/revisions\/3580"}],"wp:attachment":[{"href":"http:\/\/jetbild.de\/bft\/wp-json\/wp\/v2\/media?parent=468"}],"curies":[{"name":"wp","href":"https:\/\/api.w.org\/{rel}","templated":true}]}}